{"id":16,"date":"2008-03-07T21:17:45","date_gmt":"2008-03-07T20:17:45","guid":{"rendered":"http:\/\/www.babsib.at\/blog\/?page_id=6"},"modified":"2010-04-14T23:38:23","modified_gmt":"2010-04-14T21:38:23","slug":"impressum-2","status":"publish","type":"page","link":"http:\/\/blog.babsib.at\/index.php\/impressum-2\/","title":{"rendered":"Impressum"},"content":{"rendered":"<p><span style=\"color: #666699;\">Dieser Blog geh\u00f6rt Barbara BOndy<\/span><\/p>\n<p><span style=\"color: #666699;\">E-mail: <\/span><a href=\"mailto:krebsbabs@gmx.t\"><\/a><a href=\"mailto:krebsbabs@gmx.at\"><span style=\"color: #666699;\">krebsbabs@gmx.<\/span><\/a><span style=\"color: #666699;\">at<\/span><\/p>\n<p><span style=\"color: #666699;\">Haftungshinweis:Trotz sorgf\u00e4ltiger inhaltlicher Kontrolle \u00fcbernehme ich keine Haftung f\u00fcr die Inhalte externer Links. F\u00fcr den Inhalt der verlinkten Seiten sind ausschlie\u00dflich deren Betreiber verantwortlich<\/span><\/p>\n","protected":false},"excerpt":{"rendered":"<p>Dieser Blog geh\u00f6rt Barbara BOndy E-mail: krebsbabs@gmx.at Haftungshinweis:Trotz sorgf\u00e4ltiger inhaltlicher Kontrolle \u00fcbernehme ich keine Haftung f\u00fcr die Inhalte externer Links. F\u00fcr den Inhalt der verlinkten Seiten sind ausschlie\u00dflich deren Betreiber verantwortlich<\/p>\n","protected":false},"author":2,"featured_media":0,"parent":0,"menu_order":0,"comment_status":"open","ping_status":"open","template":"","meta":[],"_links":{"self":[{"href":"http:\/\/blog.babsib.at\/index.php\/wp-json\/wp\/v2\/pages\/16"}],"collection":[{"href":"http:\/\/blog.babsib.at\/index.php\/wp-json\/wp\/v2\/pages"}],"about":[{"href":"http:\/\/blog.babsib.at\/index.php\/wp-json\/wp\/v2\/types\/page"}],"author":[{"embeddable":true,"href":"http:\/\/blog.babsib.at\/index.php\/wp-json\/wp\/v2\/users\/2"}],"replies":[{"embeddable":true,"href":"http:\/\/blog.babsib.at\/index.php\/wp-json\/wp\/v2\/comments?post=16"}],"version-history":[{"count":5,"href":"http:\/\/blog.babsib.at\/index.php\/wp-json\/wp\/v2\/pages\/16\/revisions"}],"predecessor-version":[{"id":1513,"href":"http:\/\/blog.babsib.at\/index.php\/wp-json\/wp\/v2\/pages\/16\/revisions\/1513"}],"wp:attachment":[{"href":"http:\/\/blog.babsib.at\/index.php\/wp-json\/wp\/v2\/media?parent=16"}],"curies":[{"name":"wp","href":"https:\/\/api.w.org\/{rel}","templated":true}]}}