{"id":24,"date":"2008-03-13T13:36:54","date_gmt":"2008-03-13T12:36:54","guid":{"rendered":"http:\/\/blog.babsib.at\/?page_id=24"},"modified":"2010-04-15T00:02:34","modified_gmt":"2010-04-14T22:02:34","slug":"eine-seite","status":"publish","type":"page","link":"http:\/\/blog.babsib.at\/index.php\/eine-seite\/","title":{"rendered":"Willkommen"},"content":{"rendered":"<div><span style=\"color: #5a6791;\"><span style=\"font-family: &quot;Georgia&quot;,&quot;serif&quot;; color: black; font-size: 10pt; mso-fareast-font-family: 'Times New Roman'; mso-bidi-font-family: 'Times New Roman'; mso-themecolor: text1; mso-fareast-language: DE-AT;\"><br \/>\n&#8222;Wandel,<br \/>\nnicht Rede,<br \/>\nist des Weisen Lehre&#8220;<br \/>\n(Laotse)<\/span><\/span><\/div>\n<p>Genauso, wie wir jeden Tag, jede Stunde, jede Minute neu erleben, so geschieht auch die Ver\u00e4nderung. Das ist auch gut so. Wir brauchen neues Land, neue Erde, neue Blickwinkel, um immer weiter und weiter unseren Horizont zu spannen und unsere Grenzen neu setzen. Gibt es Grenzen? JA, die gibt es &#8211; die, die ich mir setze.<br \/>\nIn den letzten Monaten bin ich oft \u00fcber meine vermeintlichen Grenzen getreten und habe mich oft gefragt: &#8220; Was mache ich hier?&#8220; Die Antwort ist immer die gleiche:&#8220; Du gehst DEINEN Weg&#8220;<br \/>\nJeder Schritt und jede Bewegung l\u00e4\u00dft mich Neues erleben, sehen und sp\u00fcren&#8230;..und um das geht es auch in diesem Blog.<br \/>\nUm das\u00a0Wahrnehmen meiner Welt durch die mein Weg mich f\u00fchrt, geleitet durch Intuition und Vertrauen.<br \/>\nUm die Begegnung mit anderen Begleitern und Gef\u00e4hrten, die meinen Weg kreuzen und ein St\u00fcckchen mit mir wandern.<br \/>\nUm die Ber\u00fchrung mit mir und anderen &#8211; einzigartig und wahr.<\/p>\n<p>Was du hier findest:<\/p>\n<p>Gedichte, Gedanken, Allt\u00e4gliches, Tiefgehendes, Sinn und Unsinn&#8230;eine bunte Vielfalt &#8211; das Leben!<\/p>\n<p>Ich freue mich, wenn ich den einen oder anderen erreiche.<\/p>\n<p>Liebe internette Gr\u00fcsse von Babsi \ud83d\ude42<\/p>\n","protected":false},"excerpt":{"rendered":"<p>&#8222;Wandel, nicht Rede, ist des Weisen Lehre&#8220; (Laotse) Genauso, wie wir jeden Tag, jede Stunde, jede Minute neu erleben, so geschieht auch die Ver\u00e4nderung. Das ist auch gut so. Wir brauchen neues Land, neue Erde, neue Blickwinkel, um immer weiter und weiter unseren Horizont zu spannen und unsere Grenzen neu setzen. Gibt es Grenzen? JA, [&hellip;]<\/p>\n","protected":false},"author":2,"featured_media":0,"parent":0,"menu_order":0,"comment_status":"open","ping_status":"open","template":"","meta":[],"_links":{"self":[{"href":"http:\/\/blog.babsib.at\/index.php\/wp-json\/wp\/v2\/pages\/24"}],"collection":[{"href":"http:\/\/blog.babsib.at\/index.php\/wp-json\/wp\/v2\/pages"}],"about":[{"href":"http:\/\/blog.babsib.at\/index.php\/wp-json\/wp\/v2\/types\/page"}],"author":[{"embeddable":true,"href":"http:\/\/blog.babsib.at\/index.php\/wp-json\/wp\/v2\/users\/2"}],"replies":[{"embeddable":true,"href":"http:\/\/blog.babsib.at\/index.php\/wp-json\/wp\/v2\/comments?post=24"}],"version-history":[{"count":13,"href":"http:\/\/blog.babsib.at\/index.php\/wp-json\/wp\/v2\/pages\/24\/revisions"}],"predecessor-version":[{"id":1517,"href":"http:\/\/blog.babsib.at\/index.php\/wp-json\/wp\/v2\/pages\/24\/revisions\/1517"}],"wp:attachment":[{"href":"http:\/\/blog.babsib.at\/index.php\/wp-json\/wp\/v2\/media?parent=24"}],"curies":[{"name":"wp","href":"https:\/\/api.w.org\/{rel}","templated":true}]}}